{"id":1682,"date":"2022-05-26T21:42:19","date_gmt":"2022-05-26T21:42:19","guid":{"rendered":"https:\/\/masterpress.aazzxx.com\/?page_id=1682"},"modified":"2023-05-02T13:43:23","modified_gmt":"2023-05-02T13:43:23","slug":"beverages","status":"publish","type":"page","link":"https:\/\/beta82.masterpress.com\/pl\/beverages\/","title":{"rendered":"Napoje"},"content":{"rendered":"\n<section class=\"l-sec o-mobile-top-25 o-top-60 o-mobile-bottom-25 o-bottom-120 u-overflow-hidden\">\n\t<div class=\"l-inner\">\n\t\t<div class=\"c-hero-text-img\">\n\t\t\t<div class=\"c-hero-text-img__content\">\n\t\t\t\t\t\t\t\t\t<h1 class=\"c-hero-text-img__heading t-size-42 t-size-40--desktop ui-color--black-1 ui-font-weight--bold t-font-secondary t-lower\">\n\t\t\t\t\t\tNapoje\t\t\t\t\t<\/h1>\n\t\t\t\t\t\t\t\t\t\t\t\t\t<div class=\"c-hero-text-img__desc\">\n\t\t\t\t\t\t<div class=\"c-wysiwyg ui-color--dark-grey-1 t-size-14\">\n\t\t\t\t\t\t\t<p><span style=\"font-weight: 400;\">W Masterpress \u015bci\u015ble wsp\u00f3\u0142pracujemy z lud\u017ami w Twojej firmie, od pracownik\u00f3w marketingu po osoby nadzoruj\u0105ce prac\u0119 linii produkcyjnych, aby w pe\u0142ni zrozumie\u0107, co Ty i Twoja marka pragniecie osi\u0105gn\u0105\u0107. Nasz zesp\u00f3\u0142 in\u017cynier\u00f3w-ekspert\u00f3w opracuje najbardziej odpowiednie rozwi\u0105zania i zadba o to, \u017ceby dostarczone przez nas etykiety spe\u0142nia\u0142y wszelkie oczekiwania klient\u00f3w.\u00a0<\/span><\/p>\n<p><span style=\"font-weight: 400;\">Opracowanie etykiety, kt\u00f3ra b\u0119dzie najlepiej odpowiada\u0142a Twojej marce nie jest \u0142atwym zadaniem w tych dynamicznych czasach i na tak konkurencyjnym rynku. Jednak dzi\u0119ki zaanga\u017cowaniu i eksperckiej wiedzy naszego zespo\u0142u oraz \u015bcis\u0142ej wsp\u00f3\u0142pracy z klientem, jeste\u015bmy przekonani, \u017ce wsp\u00f3lnie si\u0119 nam powiedzie.<\/span><\/p>\n<p><span style=\"font-weight: 400;\">Bran\u017ca napoj\u00f3w bezalkoholowych korzysta zazwyczaj z szybkich linii do nape\u0142niania butelek i dlatego wymaga, by etykietowanie r\u00f3wnie\u017c przebiega\u0142o z du\u017cymi pr\u0119dko\u015bciami. Jako\u015b\u0107 i niezawodno\u015b\u0107 etykiet odgrywaj\u0105 kluczow\u0105 rol\u0119 przy aplikacji z du\u017cymi pr\u0119dko\u015bciami, a zdolno\u015b\u0107 utrzymywania wysokich wydajno\u015bci linii produkcyjnych jest kluczowym wska\u017anikiem w bran\u017cy napoj\u00f3w. Produkuj\u0105c nasze etykiety mamy na wzgl\u0119dzie wszystkie te czynniki, nasi klienci mog\u0105 wi\u0119c mie\u0107 pewno\u015b\u0107, \u017ce etykiety nie tylko spe\u0142niaj\u0105 wszystkie niezb\u0119dne wymagania, ale s\u0105 r\u00f3wnie\u017c doskonale wydrukowane i niezwykle atrakcyjne wizualnie.<\/span><\/p>\n<p><span style=\"font-weight: 400;\">Masterpress jest certyfikowanym dostawc\u0105 etykiet DPG PET na rynek niemiecki.<\/span><\/p>\n\t\t\t\t\t\t<\/div>\n\t\t\t\t\t<\/div>\n\t\t\t\t\t\t\t<\/div>\n\t\t\t<div class=\"c-hero-text-img__media\">\n\t\t\t\t\t\t\t\t\t<figure class=\"c-hero-text-img__figure\">\n\t\t\t\t\t\t<img decoding=\"async\" class=\"c-hero-text-img__image\" src=\"https:\/\/beta82.masterpress.com:443\/wp-content\/uploads\/2022\/04\/a-pretty-smiling-blonde-woman-buying-water-at-supe-PTFDP5B-scaled.jpg\" alt=\"\">\n\t\t\t\t\t<\/figure>\n\t\t\t\t\t<span class=\"c-hero-text-img__media-decor\"><\/span>\n\t\t\t\t\t\t\t<\/div>\n\t\t<\/div>\n\t<\/div>\n<\/section>\n\n\n\n<section class=\"l-sec o-mobile-bottom-60 o-bottom-160 o-mobile-top-80\">\n\t<div class=\"l-inner\">\n\t\t<div class=\"c-solutions\">\n\t\t\t\t\t\t\t<h2 class=\"c-solutions__heading t-size-42 t-size-40--desktop ui-color--black-1 ui-font-weight--bold t-font-secondary t-lower\">\n\t\t\t\t\tRozwi\u0105zania\t\t\t\t<\/h2>\n\t\t\t\t\t\t<div class=\"c-solutions__content\">\n\t\t\t\t\t\t\t\t\t<ul class=\"c-solutions-list c-list\">\n\t\t\t\t\t\t\t\t\t\t\t\t\t<li class=\"c-solutions-list__item\">\n\t\t\t\t\t\t\t\t<div class=\"c-solution-box\">\n\t\t\t\t\t\t\t\t\t\t\t\t\t\t\t\t\t<div class=\"c-solution-box__media\">\n\t\t\t\t\t\t\t\t\t\t<figure class=\"c-solution-box__figure\">\n\t\t\t\t\t\t\t\t\t\t\t<img decoding=\"async\" class=\"c-solution-box__image\" src=\"https:\/\/beta82.masterpress.com:443\/wp-content\/uploads\/2022\/07\/masterpress-beverage-shrinksleeve-500x500.jpg\" alt=\"\">\n\t\t\t\t\t\t\t\t\t\t<\/figure>\n\t\t\t\t\t\t\t\t\t<\/div>\n\t\t\t\t\t\t\t\t\t\t\t\t\t\t\t\t\t\t\t\t\t\t\t\t\t<div class=\"c-solution-box__title\">\n\t\t\t\t\t\t\t\t\t\t<a class=\"c-solution-box__link c-link c-link--icon c-link--icon-animate\" href=\"https:\/\/beta82.masterpress.com\/pl\/beverages\/etykiety-shrink-sleeve-do-napoi\/\" target=\"\">\n\t\t\t\t\t\t\t\t\t\t\tEtykiety Shrink Sleeve\t\t\t\t\t\t\t\t\t\t\t<img decoding=\"async\" class=\"c-link__icon js-injected-svg \" src=\"https:\/\/beta82.masterpress.com:443\/wp-content\/themes\/masterpress\/front\/static\/img\/icon-arrow-right.svg\" alt=\"\">\n\t\t\t\t\t\t\t\t\t\t<\/a>\n\t\t\t\t\t\t\t\t\t<\/div>\n\t\t\t\t\t\t\t\t\t\t\t\t\t\t\t\t<\/div>\n\t\t\t\t\t\t\t<\/li>\n\t\t\t\t\t\t\t\t\t\t\t\t\t<li class=\"c-solutions-list__item\">\n\t\t\t\t\t\t\t\t<div class=\"c-solution-box\">\n\t\t\t\t\t\t\t\t\t\t\t\t\t\t\t\t\t<div class=\"c-solution-box__media\">\n\t\t\t\t\t\t\t\t\t\t<figure class=\"c-solution-box__figure\">\n\t\t\t\t\t\t\t\t\t\t\t<img decoding=\"async\" class=\"c-solution-box__image\" src=\"https:\/\/beta82.masterpress.com:443\/wp-content\/uploads\/2023\/01\/NOA1x-500x500.jpg\" alt=\"\">\n\t\t\t\t\t\t\t\t\t\t<\/figure>\n\t\t\t\t\t\t\t\t\t<\/div>\n\t\t\t\t\t\t\t\t\t\t\t\t\t\t\t\t\t\t\t\t\t\t\t\t\t<div class=\"c-solution-box__title\">\n\t\t\t\t\t\t\t\t\t\t<a class=\"c-solution-box__link c-link c-link--icon c-link--icon-animate\" href=\"https:\/\/beta82.masterpress.com\/pl\/beverages\/etykiety-samoprzylepne-do-napoi\/\" target=\"\">\n\t\t\t\t\t\t\t\t\t\t\tEtykiety samoprzylepne\t\t\t\t\t\t\t\t\t\t\t<img decoding=\"async\" class=\"c-link__icon js-injected-svg \" src=\"https:\/\/beta82.masterpress.com:443\/wp-content\/themes\/masterpress\/front\/static\/img\/icon-arrow-right.svg\" alt=\"\">\n\t\t\t\t\t\t\t\t\t\t<\/a>\n\t\t\t\t\t\t\t\t\t<\/div>\n\t\t\t\t\t\t\t\t\t\t\t\t\t\t\t\t<\/div>\n\t\t\t\t\t\t\t<\/li>\n\t\t\t\t\t\t\t\t\t\t\t<\/ul>\n\t\t\t\t\t\t\t<\/div>\n\t\t<\/div>\n\t<\/div>\n<\/section>\n\n\n\n<section class=\"l-sec o-mobile-bottom-50 o-bottom-100\">\n\t<div class=\"l-inner\">\n\t\t<div class=\"c-related-article\">\n\t\t\t\t\t\t\t<h2 class=\"c-related-article__heading t-size-42 t-size-40--desktop ui-color--black-1 ui-font-weight--bold t-font-secondary t-lower\">\n\t\t\t\t\tAktualno\u015bci\t\t\t\t<\/h2>\n\t\t\t                                                <div class=\"c-related-article__content\">\n                                                <article class=\"c-article-teaser c-article-teaser--reverse\">\n                            <div class=\"c-article-teaser__media\">\n                                <a class=\"c-article-teaser__link\" href=\"https:\/\/beta82.masterpress.com\/pl\/latwiejszy-recycling-dzieki-rozwiazaniu-masterpress\/\">\n                                    <figure class=\"c-article-teaser__figure\">\n                                        <img decoding=\"async\" class=\"c-article-teaser__image\" src=\"https:\/\/beta82.masterpress.com:443\/wp-content\/uploads\/2021\/12\/recyclass.jpg\" alt=\"\">\n                                    <\/figure>\n                                <\/a>\n                            <\/div>\n                            <div class=\"c-article-teaser__container\">\n                                <div class=\"c-article-teaser__meta\">\n                                    <span class=\"c-article-teaser__date t-size-12 t-size-16--desktop t-font-secondary ui-color--dark-grey-1\">02 December 2021<\/span>\n                                <\/div>\n                                <h3 class=\"c-article-teaser__title t-size-16 t-size-20--desktop t-font-secondary ui-font-weight--semibold\">\n                                    <a href=\"https:\/\/beta82.masterpress.com\/pl\/latwiejszy-recycling-dzieki-rozwiazaniu-masterpress\/\" class=\"c-article-teaser__link\">Masterpress wdro\u017cy\u0142 rozwi\u0105zanie u\u0142atwiaj\u0105ce recycling<\/a>\n                                <\/h3>\n                                <div class=\"c-article-teaser__desc t-size-14 t-size-16--desktop ui-color--dark-grey-1\">Z wielk\u0105 przyjemno\u015bci\u0105 informujemy, \u017ce nasza etykieta sleeve zaaplikowana na kubek polipropylenowy otrzyma\u0142a pozytywn\u0105 ocen\u0119 stowarzyszenia RecyClass pod k\u0105tem przydatno\u015bci do recyclingu. Ocen\u0119 naszego rozwi\u0105zania opakowaniowego wykona\u0142a firma Suez.circpack\u00ae nale\u017c\u0105ca do stowarzyszenia RecyClass. Badania zosta\u0142y przeprowadzone wed\u0142ug specjalnej metodologii opracowanej przez stowarzyszenie. W efekcie bada\u0144 Masterpressowi zosta\u0142 przyznany \u201elist zgodno\u015bci\u201d, potwierdzaj\u0105cy spe\u0142nienie wymaga\u0144 dotycz\u0105cych kompatybilno\u015bci [&hellip;]<\/div>\n\n                                <div class=\"c-article-teaser__read-more u-hide-from-mobile\">\n                                    <a  href=\"https:\/\/beta82.masterpress.com\/pl\/latwiejszy-recycling-dzieki-rozwiazaniu-masterpress\/\" class=\"c-link c-link--icon\">Read more <img decoding=\"async\" class=\"c-link__icon js-injected-svg \" src=\"https:\/\/beta82.masterpress.com:443\/wp-content\/themes\/masterpress\/front\/static\/img\/icon-arrow-right.svg\" alt=\"\"><\/a>\n                                <\/div>\n\n                                <div class=\"c-article-teaser__read-more u-hide-mobile\">\n                                    <a href=\"https:\/\/beta82.masterpress.com\/pl\/latwiejszy-recycling-dzieki-rozwiazaniu-masterpress\/\" class=\"c-btn c-btn--primary\">Read more<\/a>\n                                <\/div>\n                            <\/div>\n                        <\/article>\n                    <\/div>\n                            \t\t<\/div>\n\t<\/div>\n<\/section>\n","protected":false},"excerpt":{"rendered":"","protected":false},"author":3,"featured_media":0,"parent":0,"menu_order":0,"comment_status":"closed","ping_status":"closed","template":"","meta":{"inline_featured_image":false,"footnotes":""},"class_list":["post-1682","page","type-page","status-publish","hentry"],"acf":[],"_links":{"self":[{"href":"https:\/\/beta82.masterpress.com\/pl\/wp-json\/wp\/v2\/pages\/1682","targetHints":{"allow":["GET"]}}],"collection":[{"href":"https:\/\/beta82.masterpress.com\/pl\/wp-json\/wp\/v2\/pages"}],"about":[{"href":"https:\/\/beta82.masterpress.com\/pl\/wp-json\/wp\/v2\/types\/page"}],"author":[{"embeddable":true,"href":"https:\/\/beta82.masterpress.com\/pl\/wp-json\/wp\/v2\/users\/3"}],"replies":[{"embeddable":true,"href":"https:\/\/beta82.masterpress.com\/pl\/wp-json\/wp\/v2\/comments?post=1682"}],"version-history":[{"count":13,"href":"https:\/\/beta82.masterpress.com\/pl\/wp-json\/wp\/v2\/pages\/1682\/revisions"}],"predecessor-version":[{"id":3533,"href":"https:\/\/beta82.masterpress.com\/pl\/wp-json\/wp\/v2\/pages\/1682\/revisions\/3533"}],"wp:attachment":[{"href":"https:\/\/beta82.masterpress.com\/pl\/wp-json\/wp\/v2\/media?parent=1682"}],"curies":[{"name":"wp","href":"https:\/\/api.w.org\/{rel}","templated":true}]}}