{"id":1697,"date":"2022-05-26T21:55:06","date_gmt":"2022-05-26T21:55:06","guid":{"rendered":"https:\/\/masterpress.aazzxx.com\/?page_id=1697"},"modified":"2023-05-02T13:17:50","modified_gmt":"2023-05-02T13:17:50","slug":"csr","status":"publish","type":"page","link":"https:\/\/beta82.masterpress.com\/pl\/about-us\/csr\/","title":{"rendered":"CSR"},"content":{"rendered":"\n<section class=\"l-sec o-mobile-top-25 o-mobile-bottom-100 o-bottom-160 u-overflow-hidden\">\n\t<div class=\"l-inner\">\n\t\t<div class=\"c-hero-card\">\n\t\t\t<div class=\"c-hero-card__content ui-bg--white-2 t-font-secondary\">\n\t\t\t\t\t\t\t\t\t<h1 class=\"c-hero-card__title ui-font-weight--semibold\">\n\t\t\t\t\t\tCSR\t\t\t\t\t<\/h1>\n\t\t\t\t\t\t\t\t\t\t\t\t\t<div class=\"c-hero-card__desc\">\n\t\t\t\t\t\t<p>bezpieczna przysz\u0142o\u015b\u0107 dla \u015brodowiska i biznesu<\/p>\n\t\t\t\t\t<\/div>\n\t\t\t\t\t\t\t<\/div>\n\t\t\t<div class=\"c-hero-card__media u-move-outside-inner--mobile\">\n\t\t\t\t\t\t\t\t\t<figure class=\"c-hero-card__figure\">\n\t\t\t\t\t\t<img decoding=\"async\" class=\"c-hero-card__image\" src=\"https:\/\/beta82.masterpress.com:443\/wp-content\/uploads\/2022\/03\/7520r19fotZbigniewChojeta-9.jpeg\" alt=\"\">\n\t\t\t\t\t<\/figure>\n\t\t\t\t\t\t\t<\/div>\n\t\t<\/div>\n\t<\/div>\n<\/section>\n\n\n\n<section class=\"l-sec o-mobile-bottom-50 o-bottom-140\">\n\t<div class=\"l-inner\">\n\t\t<div class=\"c-images-text\">\n\t\t\t\n\t\t\t\t\n\t\t\t\t\t<article class=\"c-images-text__row\">\n\t\t\t\t\t\t<div class=\"c-images-text__content\">\n\t\t\t\t\t\t\t\n\n\t\t\t\t\t\t\t\t\t\t\t\t\t\t\t<div class=\"c-images-text__desc t-size-16 ui-color--dark-grey-1\">\n\t\t\t\t\t\t\t\t\t<p><img loading=\"lazy\" decoding=\"async\" class=\"alignnone wp-image-3171 size-thumbnail\" src=\"https:\/\/beta82.masterpress.com:443\/wp-content\/uploads\/2023\/04\/ecovadis-bronze-2022-150x150.png\" alt=\"\" width=\"150\" height=\"150\" srcset=\"https:\/\/beta82.masterpress.com:443\/wp-content\/uploads\/2023\/04\/ecovadis-bronze-2022-150x150.png 150w, https:\/\/beta82.masterpress.com:443\/wp-content\/uploads\/2023\/04\/ecovadis-bronze-2022-300x300.png 300w, https:\/\/beta82.masterpress.com:443\/wp-content\/uploads\/2023\/04\/ecovadis-bronze-2022-1024x1024.png 1024w, https:\/\/beta82.masterpress.com:443\/wp-content\/uploads\/2023\/04\/ecovadis-bronze-2022-768x768.png 768w, https:\/\/beta82.masterpress.com:443\/wp-content\/uploads\/2023\/04\/ecovadis-bronze-2022-1536x1536.png 1536w, https:\/\/beta82.masterpress.com:443\/wp-content\/uploads\/2023\/04\/ecovadis-bronze-2022-500x500.png 500w, https:\/\/beta82.masterpress.com:443\/wp-content\/uploads\/2023\/04\/ecovadis-bronze-2022.png 1667w\" sizes=\"auto, (max-width: 150px) 100vw, 150px\" \/>\u00a0 \u00a0 \u00a0\u00a0 <img loading=\"lazy\" decoding=\"async\" class=\"alignnone wp-image-3167 size-thumbnail\" src=\"https:\/\/beta82.masterpress.com:443\/wp-content\/uploads\/2023\/04\/sedex-certification-500x500-1-150x150.webp\" alt=\"\" width=\"150\" height=\"150\" srcset=\"https:\/\/beta82.masterpress.com:443\/wp-content\/uploads\/2023\/04\/sedex-certification-500x500-1-150x150.webp 150w, https:\/\/beta82.masterpress.com:443\/wp-content\/uploads\/2023\/04\/sedex-certification-500x500-1-300x300.webp 300w, https:\/\/beta82.masterpress.com:443\/wp-content\/uploads\/2023\/04\/sedex-certification-500x500-1.webp 500w\" sizes=\"auto, (max-width: 150px) 100vw, 150px\" \/><\/p>\n\t\t\t\t\t\t\t\t<\/div>\n\t\t\t\t\t\t\t\t\t\t\t\t\t<\/div>\n\t\t\t\t\t\t\t\t\t\t\t\t\t<div class=\"c-images-text__media\">\n\t\t\t\t\t\t\t\t\t\t\t\t\t\t\t\t\t\t\t\t\t\t\t\t\t\t\t<figure class=\"c-images-text__figure\">\n\t\t\t\t\t\t\t\t\t\t\t<img decoding=\"async\" class=\"c-images-text__image\" src=\"https:\/\/beta82.masterpress.com:443\/wp-content\/uploads\/2023\/04\/0-204-scaled.jpg\" alt=\"\">\n\t\t\t\t\t\t\t\t\t\t<\/figure>\n\t\t\t\t\t\t\t\t\t\t\t\t\t\t\t\t\t\t\t\t\t\t\t\t\t\t\t\t\t\t\t\t\t\t\t\t<figure class=\"c-images-text__figure\">\n\t\t\t\t\t\t\t\t\t\t\t<img decoding=\"async\" class=\"c-images-text__image\" src=\"https:\/\/beta82.masterpress.com:443\/wp-content\/uploads\/2022\/03\/pexels-anton-atanasov-566496.jpg\" alt=\"\">\n\t\t\t\t\t\t\t\t\t\t<\/figure>\n\t\t\t\t\t\t\t\t\t\t\t\t\t\t\t\t\t\t\t\t\t\t\t\t<\/div>\n\t\t\t\t\t\t\t\t\t\t\t<\/article>\n\t\t\t\t\n\t\t\t\t\t<article class=\"c-images-text__row\">\n\t\t\t\t\t\t<div class=\"c-images-text__content\">\n\t\t\t\t\t\t\t\n\n\t\t\t\t\t\t\t\t\t\t\t\t\t\t\t<div class=\"c-images-text__desc t-size-16 ui-color--dark-grey-1\">\n\t\t\t\t\t\t\t\t\t<p>Zr\u00f3wnowa\u017cone metody produkcji i tworzenie proekologicznych rozwi\u0105za\u0144 w dziedzinie opakowa\u0144 to fundamenty odpowiedzialno\u015bci spo\u0142ecznej Masterpress. W produkcji stosujemy procesy i technologie minimalizuj\u0105ce negatywny wp\u0142yw na \u015brodowisko. Dobre, zr\u00f3wnowa\u017cone praktyki sukcesywnie wdra\u017camy w ca\u0142ym \u0142a\u0144cuchu dostaw. Dzi\u0119ki temu produkujemy wydajniej, dostarczaj\u0105c etykiety przyjazne \u015brodowisku.<\/p>\n<p>Dowodem zaanga\u017cowania Masterpress na rzecz zachowania pi\u0119kna natury dla przysz\u0142ych pokole\u0144 jest m.in. nasz nowoczesny zak\u0142ad produkcyjny o powierzchni 15.000 m2, w kt\u00f3rym zastosowali\u015bmy szereg proekologicznych rozwi\u0105za\u0144. Nieustannie inwestujemy w najnowsze technologie, co przek\u0142ada si\u0119 na obni\u017cone zu\u017cycie energii, lepsz\u0105 wydajno\u015b\u0107 produkcji i ograniczenie odpad\u00f3w, na czym korzystaj\u0105 r\u00f3wnie\u017c nasi klienci.<\/p>\n\t\t\t\t\t\t\t\t<\/div>\n\t\t\t\t\t\t\t\t\t\t\t\t\t<\/div>\n\t\t\t\t\t\t\t\t\t\t\t\t\t<div class=\"c-images-text__media\">\n\t\t\t\t\t\t\t\t\t\t\t\t\t\t\t\t\t\t\t\t\t\t\t\t\t\t\t<figure class=\"c-images-text__figure\">\n\t\t\t\t\t\t\t\t\t\t\t<img decoding=\"async\" class=\"c-images-text__image\" src=\"https:\/\/beta82.masterpress.com:443\/wp-content\/uploads\/2023\/04\/close-up-picture-hand-watering-sapling-plant-min-scaled.jpg\" alt=\"\">\n\t\t\t\t\t\t\t\t\t\t<\/figure>\n\t\t\t\t\t\t\t\t\t\t\t\t\t\t\t\t\t\t\t\t\t\t\t\t\t\t\t\t\t\t\t\t\t\t\t\t<figure class=\"c-images-text__figure\">\n\t\t\t\t\t\t\t\t\t\t\t<img decoding=\"async\" class=\"c-images-text__image\" src=\"https:\/\/beta82.masterpress.com:443\/wp-content\/uploads\/2023\/04\/0-85-scaled.jpg\" alt=\"\">\n\t\t\t\t\t\t\t\t\t\t<\/figure>\n\t\t\t\t\t\t\t\t\t\t\t\t\t\t\t\t\t\t\t\t\t\t\t\t<\/div>\n\t\t\t\t\t\t\t\t\t\t\t<\/article>\n\t\t\t\t\t\t\t\t\t<\/div>\n\t<\/div>\n<\/section>\n","protected":false},"excerpt":{"rendered":"","protected":false},"author":3,"featured_media":0,"parent":357,"menu_order":0,"comment_status":"closed","ping_status":"closed","template":"","meta":{"inline_featured_image":false,"footnotes":""},"class_list":["post-1697","page","type-page","status-publish","hentry"],"acf":[],"_links":{"self":[{"href":"https:\/\/beta82.masterpress.com\/pl\/wp-json\/wp\/v2\/pages\/1697","targetHints":{"allow":["GET"]}}],"collection":[{"href":"https:\/\/beta82.masterpress.com\/pl\/wp-json\/wp\/v2\/pages"}],"about":[{"href":"https:\/\/beta82.masterpress.com\/pl\/wp-json\/wp\/v2\/types\/page"}],"author":[{"embeddable":true,"href":"https:\/\/beta82.masterpress.com\/pl\/wp-json\/wp\/v2\/users\/3"}],"replies":[{"embeddable":true,"href":"https:\/\/beta82.masterpress.com\/pl\/wp-json\/wp\/v2\/comments?post=1697"}],"version-history":[{"count":8,"href":"https:\/\/beta82.masterpress.com\/pl\/wp-json\/wp\/v2\/pages\/1697\/revisions"}],"predecessor-version":[{"id":3510,"href":"https:\/\/beta82.masterpress.com\/pl\/wp-json\/wp\/v2\/pages\/1697\/revisions\/3510"}],"up":[{"embeddable":true,"href":"https:\/\/beta82.masterpress.com\/pl\/wp-json\/wp\/v2\/pages\/357"}],"wp:attachment":[{"href":"https:\/\/beta82.masterpress.com\/pl\/wp-json\/wp\/v2\/media?parent=1697"}],"curies":[{"name":"wp","href":"https:\/\/api.w.org\/{rel}","templated":true}]}}