{"id":1722,"date":"2022-05-26T22:15:43","date_gmt":"2022-05-26T22:15:43","guid":{"rendered":"https:\/\/masterpress.aazzxx.com\/?page_id=1722"},"modified":"2022-05-26T22:15:43","modified_gmt":"2022-05-26T22:15:43","slug":"najnowsze-wiadomosci","status":"publish","type":"page","link":"https:\/\/beta82.masterpress.com\/pl\/about-us\/najnowsze-wiadomosci\/","title":{"rendered":"Najnowsze wiadomo\u015bci"},"content":{"rendered":"\n\n<section class=\"l-sec o-mobile-top-35 o-top-160 o-bottom-120 \">\n\t<div class=\"l-inner\">\n\t\t<div class=\"c-hero-news\">\n\t\t\t<header class=\"c-hero-news__header\">\n\t\t\t\t\t\t\t\t\t<h1 class=\"c-hero-news__heading t-lower t-size-42 t-size-90--desktop\">\n\t\t\t\t\t\todkryj co <br>nowego<span class=\"c-hero-news__decor u-hide-mobile\"><\/span>\n\t\t\t\t\t<\/h1>\n\t\t\t\t\t\t\t<\/header>\n\n\t\t\t<div class=\"c-hero-news__content u-hide-mobile\">\n\n\t\t\t\t\n\t\t\t\t\t\t\t\t\t\t\t\t\t\t\t\t\t\t\t\t<article class=\"c-article-teaser js-featured-article\" data-post-id=\"1196\">\n\t\t\t\t\t\t\t\t<div class=\"c-article-teaser__media\">\n\t\t\t\t\t\t\t\t\t<a class=\"c-article-teaser__link\" href=\"https:\/\/beta82.masterpress.com\/pl\/latwiejszy-recycling-dzieki-rozwiazaniu-masterpress\/\">\n\t\t\t\t\t\t\t\t\t\t<figure class=\"c-article-teaser__figure\">\n\t\t\t\t\t\t\t\t\t\t\t<img decoding=\"async\" class=\"c-article-teaser__image\" src=\"https:\/\/beta82.masterpress.com:443\/wp-content\/uploads\/2021\/12\/recyclass.jpg\" alt=\"\">\n\t\t\t\t\t\t\t\t\t\t<\/figure>\n\t\t\t\t\t\t\t\t\t<\/a>\n\t\t\t\t\t\t\t\t<\/div>\n\n\t\t\t\t\t\t\t\t<div class=\"c-article-teaser__container\">\n\t\t\t\t\t\t\t\t\t<div class=\"c-article-teaser__meta\">\n\t\t\t\t\t\t\t\t\t\t<span class=\"c-article-teaser__date t-size-16--desktop t-font-secondary ui-color--dark-grey-1\">02 December 2021<\/span>\n\t\t\t\t\t\t\t\t\t<\/div>\n\t\t\t\t\t\t\t\t\t<h3 class=\"c-article-teaser__title t-size-20 t-font-secondary ui-font-weight--semibold\">\n\t\t\t\t\t\t\t\t\t<a href=\"https:\/\/beta82.masterpress.com\/pl\/latwiejszy-recycling-dzieki-rozwiazaniu-masterpress\/\" class=\"c-article-teaser__link\">Masterpress wdro\u017cy\u0142 rozwi\u0105zanie u\u0142atwiaj\u0105ce recycling<\/a>\n\t\t\t\t\t\t\t\t<\/h3>\n\t\t\t\t\t\t\t\t\t<div class=\"c-article-teaser__desc t-size-16 ui-color--dark-grey-1\"><p>Z wielk\u0105 przyjemno\u015bci\u0105 informujemy, \u017ce nasza etykieta sleeve zaaplikowana na kubek polipropylenowy otrzyma\u0142a pozytywn\u0105 ocen\u0119 stowarzyszenia RecyClass pod k\u0105tem przydatno\u015bci do recyclingu. Ocen\u0119 naszego rozwi\u0105zania opakowaniowego wykona\u0142a firma Suez.circpack\u00ae nale\u017c\u0105ca do stowarzyszenia RecyClass. Badania zosta\u0142y przeprowadzone wed\u0142ug specjalnej metodologii opracowanej przez stowarzyszenie. W efekcie bada\u0144 Masterpressowi zosta\u0142 przyznany \u201elist zgodno\u015bci\u201d, potwierdzaj\u0105cy spe\u0142nienie wymaga\u0144 dotycz\u0105cych kompatybilno\u015bci [&hellip;]<\/p>\n<\/div>\n\n\t\t\t\t\t\t\t\t\t<div class=\"c-article-teaser__read-more\">\n\t\t\t\t\t\t\t\t\t\t<a href=\"https:\/\/beta82.masterpress.com\/pl\/latwiejszy-recycling-dzieki-rozwiazaniu-masterpress\/\" class=\"c-btn c-btn--primary\">Read more<\/a>\n\t\t\t\t\t\t\t\t\t<\/div>\n\t\t\t\t\t\t\t\t<\/div>\n\t\t\t\t\t\t\t<\/article>\n\t\t\t\t\t\t\t\t\t\t\t\t\t<\/div>\n\t\t<\/div>\n\t<\/div>\n<\/section>\n\n\n\n<section class=\"l-sec\">\n\t<div class=\"l-inner\">\n\t\t<div class=\"c-filters js-filters\">\n\t\t\t\t\t\t\t<div class=\"c-filters__all\">\n\t\t\t\t\t<button class=\"c-category-link c-category-link--text js-category js-category-all\" data-api=\"https:\/\/beta82.masterpress.com\/pl\/\/wp-json\/filters\/v1\/0\">\n\t\t\t\t\t\tAll news\t\t\t\t\t<\/button>\n\t\t\t\t<\/div>\n\t\t\t\t<nav class=\"c-filters__categories u-overflow-hidden\">\n\t\t\t\t\t<ul class=\"c-filters-list c-list\">\n\t\t\t\t\t\t\t\t\t\t\t\t\t<li class=\"c-filters-list__item\">\n\t\t\t\t\t\t\t\t<button class=\"c-category-link js-category\" data-api=\"https:\/\/beta82.masterpress.com\/pl\/\/wp-json\/filters\/v1\/29\">\n\t\t\t\t\t\t\t\t\tAktualno\u015bci\t\t\t\t\t\t\t\t<\/button>\n\t\t\t\t\t\t\t<\/li>\n\t\t\t\t\t\t\t\t\t\t\t\t\t<li class=\"c-filters-list__item\">\n\t\t\t\t\t\t\t\t<button class=\"c-category-link js-category\" data-api=\"https:\/\/beta82.masterpress.com\/pl\/\/wp-json\/filters\/v1\/33\">\n\t\t\t\t\t\t\t\t\tInne\t\t\t\t\t\t\t\t<\/button>\n\t\t\t\t\t\t\t<\/li>\n\t\t\t\t\t\t\t\t\t\t\t\t\t<li class=\"c-filters-list__item\">\n\t\t\t\t\t\t\t\t<button class=\"c-category-link js-category\" data-api=\"https:\/\/beta82.masterpress.com\/pl\/\/wp-json\/filters\/v1\/36\">\n\t\t\t\t\t\t\t\t\tInteligentne opakowania\t\t\t\t\t\t\t\t<\/button>\n\t\t\t\t\t\t\t<\/li>\n\t\t\t\t\t\t\t\t\t\t\t\t\t<li class=\"c-filters-list__item\">\n\t\t\t\t\t\t\t\t<button class=\"c-category-link js-category\" data-api=\"https:\/\/beta82.masterpress.com\/pl\/\/wp-json\/filters\/v1\/34\">\n\t\t\t\t\t\t\t\t\tOdpowiedzialno\u015b\u0107 spo\u0142eczna\t\t\t\t\t\t\t\t<\/button>\n\t\t\t\t\t\t\t<\/li>\n\t\t\t\t\t\t\t\t\t\t\t\t\t<li class=\"c-filters-list__item\">\n\t\t\t\t\t\t\t\t<button class=\"c-category-link js-category\" data-api=\"https:\/\/beta82.masterpress.com\/pl\/\/wp-json\/filters\/v1\/35\">\n\t\t\t\t\t\t\t\t\tZr\u00f3wnowa\u017cony rozw\u00f3j\t\t\t\t\t\t\t\t<\/button>\n\t\t\t\t\t\t\t<\/li>\n\t\t\t\t\t\t\t\t\t\t\t<\/ul>\n\t\t\t\t<\/nav>\n\t\t\t\t\t<\/div>\n\t\t<div class=\"c-articles-listing\">\n\t\t\t<div class=\"c-articles-listing__count ui-color--dark-grey-1 t-font-secondary ui-font-weight--semibold t-size-16 u-hide-from-mobile\"><span class=\"c-articles-listing__count-number js-posts-number\">0<\/span> <span class=\"c-articles-listing__count-sufix\">news<\/span><\/div>\n \t\t\t<ul class=\"c-articles-list c-articles-list--grid c-list js-articles-list\"><\/ul>\n\n\t\t\t<div class=\"c-articles-listing__action\">\n\t\t\t\t<button class=\"c-btn c-btn--primary c-btn--load-more js-load-more\"><span class=\"js-load-more-text\">Loading&#8230;<\/span> <span class=\"c-spinner\"><\/span><\/button>\n\t\t\t<\/div>\n\t\t<\/div>\n\t<\/div>\n<\/section>\n","protected":false},"excerpt":{"rendered":"","protected":false},"author":3,"featured_media":0,"parent":357,"menu_order":0,"comment_status":"closed","ping_status":"closed","template":"","meta":{"inline_featured_image":false,"footnotes":""},"class_list":["post-1722","page","type-page","status-publish","hentry"],"acf":[],"_links":{"self":[{"href":"https:\/\/beta82.masterpress.com\/pl\/wp-json\/wp\/v2\/pages\/1722","targetHints":{"allow":["GET"]}}],"collection":[{"href":"https:\/\/beta82.masterpress.com\/pl\/wp-json\/wp\/v2\/pages"}],"about":[{"href":"https:\/\/beta82.masterpress.com\/pl\/wp-json\/wp\/v2\/types\/page"}],"author":[{"embeddable":true,"href":"https:\/\/beta82.masterpress.com\/pl\/wp-json\/wp\/v2\/users\/3"}],"replies":[{"embeddable":true,"href":"https:\/\/beta82.masterpress.com\/pl\/wp-json\/wp\/v2\/comments?post=1722"}],"version-history":[{"count":3,"href":"https:\/\/beta82.masterpress.com\/pl\/wp-json\/wp\/v2\/pages\/1722\/revisions"}],"predecessor-version":[{"id":2248,"href":"https:\/\/beta82.masterpress.com\/pl\/wp-json\/wp\/v2\/pages\/1722\/revisions\/2248"}],"up":[{"embeddable":true,"href":"https:\/\/beta82.masterpress.com\/pl\/wp-json\/wp\/v2\/pages\/357"}],"wp:attachment":[{"href":"https:\/\/beta82.masterpress.com\/pl\/wp-json\/wp\/v2\/media?parent=1722"}],"curies":[{"name":"wp","href":"https:\/\/api.w.org\/{rel}","templated":true}]}}