{"id":3074,"date":"2023-03-26T10:18:20","date_gmt":"2023-03-26T10:18:20","guid":{"rendered":"https:\/\/masterpress.com\/?page_id=3074"},"modified":"2023-03-26T10:18:21","modified_gmt":"2023-03-26T10:18:21","slug":"uslugi-aplikacji-etykiet","status":"publish","type":"page","link":"https:\/\/beta82.masterpress.com\/pl\/uslugi-aplikacji-etykiet\/","title":{"rendered":"Us\u0142ugi aplikacji etykiet"},"content":{"rendered":"\n<section class=\"l-sec l-image-hero\">\n\n\t<div class=\"l-inner\">\n\t\t<div class=\"c-image-hero u-move-outside-inner--mobile\">\n\t\t\t<div class=\"c-image-hero__content\">\n\t\t\t\t\t\t\t\t\t<h1 class=\"c-image-hero__title t-font-secondary t-lower\">\n\t\t\t\t\t\t<p>us\u0142ugi aplikacji etykiet<\/p>\n\t\t\t\t\t<\/h1>\n\t\t\t\t\t\t\t<\/div>\n\t\t\t<div class=\"c-image-hero__media\">\n\t\t\t\t\t\t\t\t\t<figure class=\"c-image-hero__figure\">\n\t\t\t\t\t\t<img decoding=\"async\" class=\"c-image-hero__image\" src=\"https:\/\/beta82.masterpress.com:443\/wp-content\/uploads\/2022\/02\/our-story-hero.jpg\" alt=\"\">\n\t\t\t\t\t<\/figure>\n\t\t\t\t\t\t\t<\/div>\n\t\t<\/div>\n\t<\/div>\n\n<\/section>\n\n\n<section class=\"l-sec o-mobile-bottom-50 o-bottom-100\">\n\t<div class=\"l-inner\">\n\t\t<div class=\"c-about-us\">\n\t\t\t<header class=\"c-about-us__header\">\n\t\t\t\t\t\t\t\t\t<h2 class=\"c-about-us__heading t-size-30 t-size-35--desktop ui-color--black-1 ui-font-weight--semibold t-font-secondary t-lower\">\n\t\t\t\t\t\tUs\u0142uga aplikacji i obkurczania etykiet termokurczliwych\t\t\t\t\t<\/h2>\n\t\t\t\t\n\t\t\t\t\t\t\t\t\t<div class=\"c-about-us__desc t-size-16 ui-color--dark-grey-1\">\n\t\t\t\t\t\t<p>Proponujemy naszym klientom kompleksowe rozwi\u0105zania w zakresie technologii shrink sleeve. Oferujemy nie tylko produkcj\u0119 etykiet termokurczliwych, lecz r\u00f3wnie\u017c zapewniamy ich aplikacj\u0119 i obkurczanie na pojemnikach szklanych, plastikowych oraz puszkach i sprayach o zr\u00f3\u017cnicowanych kszta\u0142tach, a tak\u017ce wielopakach.<\/p>\n<p>&nbsp;<\/p>\n<p>Wykorzystywana w procesie obkurczania gor\u0105ca para zapewnia wykonanie us\u0142ugi o najwy\u017cszej jako\u015bci i precyzji bez zmarszczek i zniekszta\u0142ce\u0144 na wyrobie.<\/p>\n<p>Nasze mobilne linie obkurczaj\u0105ce jeste\u015bmy w stanie w\u0142\u0105czy\u0107 w istniej\u0105c\u0105 lini\u0119 produkcyjn\u0105 lub zaproponowa\u0107 wykonanie us\u0142ugi w naszym zak\u0142adzie. Naszym celem jest pomoc klientom w stworzeniu idealnego opakowania.<\/p>\n<p><img loading=\"lazy\" decoding=\"async\" class=\"aligncenter wp-image-3069 size-full\" src=\"https:\/\/beta82.masterpress.com:443\/wp-content\/uploads\/2023\/03\/usluga.png\" alt=\"\" width=\"1676\" height=\"647\" srcset=\"https:\/\/beta82.masterpress.com:443\/wp-content\/uploads\/2023\/03\/usluga.png 1676w, https:\/\/beta82.masterpress.com:443\/wp-content\/uploads\/2023\/03\/usluga-300x116.png 300w, https:\/\/beta82.masterpress.com:443\/wp-content\/uploads\/2023\/03\/usluga-1024x395.png 1024w, https:\/\/beta82.masterpress.com:443\/wp-content\/uploads\/2023\/03\/usluga-768x296.png 768w, https:\/\/beta82.masterpress.com:443\/wp-content\/uploads\/2023\/03\/usluga-1536x593.png 1536w, https:\/\/beta82.masterpress.com:443\/wp-content\/uploads\/2023\/03\/usluga-500x193.png 500w\" sizes=\"auto, (max-width: 1676px) 100vw, 1676px\" \/><\/p>\n\t\t\t\t\t<\/div>\n\t\t\t\t\n\t\t\t\t\t\t\t<\/header>\n\n\t\t\t\t\t<\/div>\n\t<\/div>\n<\/section>\n\n\n\n<section class=\"l-sec o-mobile-bottom-60 o-bottom-80\">\n\t<div class=\"l-inner\">\n\t\t<div class=\"c-cta\">\n\t\t\t\t\t\t\t<div class=\"c-cta__text\">\n\t\t\t\t\t<h3 class=\"c-cta__heading ui-font-weight--bold t-font-secondary t-lower\">\n\t\t\t\t\t\tczy chcesz do\u0142\u0105czy\u0107 <\/br> do zespo\u0142u masterpress?\t\t\t\t\t<\/h3>\n\t\t\t\t<\/div>\n\t\t\t\t\t\t<div class=\"c-cta__media u-move-outside-inner--mobile\">\n\t\t\t\t\t\t\t\t\t<figure class=\"c-cta__figure\">\n\t\t\t\t\t\t<img decoding=\"async\" class=\"c-cta__image\" src=\"https:\/\/beta82.masterpress.com:443\/wp-content\/uploads\/2022\/02\/adnan-elezovic-QFpXllrxdw4-unsplash-2.jpg\" alt=\"\">\n\t\t\t\t\t<\/figure>\n\t\t\t\t\t\t\t<\/div>\n\t\t\t\t\t\t\t<div class=\"c-cta__action\">\n\t\t\t\t\t<a class=\"c-btn c-btn--primary\" href=\"https:\/\/masterpress.elementapp.ai\/career\" target=\"\">\n\t\t\t\t\t\tSPRWAD\u0179 KOGO SZUKAMY\t\t\t\t\t<\/a>\n\t\t\t\t<\/div>\n\t\t\t\t\t<\/div>\n\t<\/div>\n<\/section>\n\n\n<section class=\"l-sec l-contact u-overflow-hidden\">\n\t<div class=\"l-inner\">\n\t\t<div class=\"c-contact\">\n\t\t\t\t\t\t\t<header class=\"c-contact__header\">\n\t\t\t\t\t<h3 class=\"c-contact__heading t-size-30 t-size-35--desktop ui-color--black-1 ui-font-weight--semibold t-font-secondary\">\n\t\t\t\t\t\tkontakt\t\t\t\t\t<\/h3>\n\t\t\t\t<\/header>\n\t\t\t\t\t\t<div class=\"c-contact__content\">\n\n\t\t\t\t<div class=\"c-contact__form\">\n\t\t\t\t\t\t\t\t\t\t\t\n<div class=\"wpcf7 no-js\" id=\"wpcf7-f2527-o1\" lang=\"pl-PL\" dir=\"ltr\">\n<div class=\"screen-reader-response\"><p role=\"status\" aria-live=\"polite\" aria-atomic=\"true\"><\/p> <ul><\/ul><\/div>\n<form action=\"\/pl\/wp-json\/wp\/v2\/pages\/3074#wpcf7-f2527-o1\" method=\"post\" class=\"wpcf7-form init\" aria-label=\"Contact form\" novalidate=\"novalidate\" data-status=\"init\">\n<div style=\"display: none;\">\n<input type=\"hidden\" name=\"_wpcf7\" value=\"2527\" \/>\n<input type=\"hidden\" name=\"_wpcf7_version\" value=\"5.7.7\" \/>\n<input type=\"hidden\" name=\"_wpcf7_locale\" value=\"pl_PL\" \/>\n<input type=\"hidden\" name=\"_wpcf7_unit_tag\" value=\"wpcf7-f2527-o1\" \/>\n<input type=\"hidden\" name=\"_wpcf7_container_post\" value=\"0\" \/>\n<input type=\"hidden\" name=\"_wpcf7_posted_data_hash\" value=\"\" \/>\n<\/div>\n<div class=\"wpcf7-response-output\" aria-hidden=\"true\"><\/div>\n<div class=\"f-field\">\n  <label class=\"f-field__label\" for=\"email\">adres e-mail*<\/label>\n  <span class=\"wpcf7-form-control-wrap\" data-name=\"email\"><input size=\"40\" class=\"wpcf7-form-control wpcf7-text wpcf7-email wpcf7-validates-as-required wpcf7-validates-as-email f-field__input\" aria-required=\"true\" aria-invalid=\"false\" value=\"\" type=\"email\" name=\"email\" \/><\/span>\n<\/div>\n<div class=\"f-field\">\n  <label class=\"f-field__label\" for=\"full-name\">imi\u0119 i nazwisko*<\/label>\n    <span class=\"wpcf7-form-control-wrap\" data-name=\"full-name\"><input size=\"40\" class=\"wpcf7-form-control wpcf7-text f-field__input\" aria-invalid=\"false\" value=\"\" type=\"text\" name=\"full-name\" \/><\/span>\n<\/div>\n<div class=\"f-field\">\n  <label class=\"f-field__label\" for=\"phone-number\">numer telefonu*<\/label>\n  <span class=\"wpcf7-form-control-wrap\" data-name=\"phone-number\"><input size=\"40\" class=\"wpcf7-form-control wpcf7-text wpcf7-tel wpcf7-validates-as-required wpcf7-validates-as-tel f-field__input\" aria-required=\"true\" aria-invalid=\"false\" value=\"\" type=\"tel\" name=\"phone-number\" \/><\/span>\n<\/div>\n<div class=\"f-field f-field--textarea\">\n  <label class=\"f-field__label\" for=\"message\">wiadomo\u015b\u0107<\/label>\n  <span class=\"wpcf7-form-control-wrap\" data-name=\"message\"><textarea cols=\"40\" rows=\"10\" class=\"wpcf7-form-control wpcf7-textarea f-field__input\" aria-invalid=\"false\" name=\"message\"><\/textarea><\/span>\n<\/div>\n<div class=\"f-field f-field--acceptance t-size-12 ui-color--dark-grey-3\">\n<span class=\"wpcf7-form-control-wrap\" data-name=\"your-consent\"><span class=\"wpcf7-form-control wpcf7-acceptance\"><span class=\"wpcf7-list-item\"><label><input type=\"checkbox\" name=\"your-consent\" value=\"1\" class=\"f-field__input f-field__input--checkbox\" aria-invalid=\"false\" \/><span class=\"wpcf7-list-item-label\">Wyra\u017cam zgod\u0119 na przetwarzanie moich danych osobowych podanych w niniejszym formularzu w celu obs\u0142ugi zapytania i prowadzenia korespondencji przez Masterpress S.A. korespondencji przez Masterpress S.A. Obowi\u0105zek informacyjny zgodnie z art. 13 Og\u00f3lnego Rozporz\u0105dzenia o Ochronie Danych Osobowych (RODO) z dnia 27 kwietnia 2016 r. (Dz. Urz. UE L 119 z 04.05.2016): podanie informacji o przetwarzaniu przez nas danych, a tak\u017ce o prawach os\u00f3b, kt\u00f3rych dane dotycz\u0105 mo\u017cna znale\u017a\u0107 na stronie internetowej strona internetowa <a class=\"ui-color--blue-1 ui-font-weight--extrabold\" href=\"https:\/\/beta82.masterpress.com\/pl\/rodo\/\">RODO\/GDRP<\/a><\/span><\/label><\/span><\/span><\/span>\n<\/div>  \n<div class=\"f-field f-field--submit\">\n  <input class=\"wpcf7-form-control has-spinner wpcf7-submit c-btn c-btn--primary c-btn--large\" type=\"submit\" value=\"Wy\u015blij\" \/>\n<\/div>\n<\/form>\n<\/div>\n\t\t\t\t\t\t\t\t\t<\/div>\n\n\t\t\t\t<div class=\"c-contact__media-box u-hide-mobile\">\n\t\t\t\t\t\t\t\t\t\t\t<figure class=\"c-contact__media\">\n\t\t\t\t\t\t\t<img decoding=\"async\" class=\"c-contact__media-img\" src=\"https:\/\/beta82.masterpress.com:443\/wp-content\/uploads\/2022\/09\/masterpress-contact-1.png\" alt=\"\">\n\n\t\t\t\t\t\t<\/figure>\n\t\t\t\t\t\t\t\t\t\t\t\t\t\t\t\t<div class=\"c-contact__icon t-size-35--desktop\">\n\t\t\t\t\t\t\t<div class=\"c-circle-icon c-circle-icon--large\">\n\t\t\t\t\t\t\t\t<img decoding=\"async\" class=\"c-circle-icon__media\" src=\"https:\/\/beta82.masterpress.com:443\/wp-content\/uploads\/2022\/01\/calling-phone.svg\" alt=\"\">\n\t\t\t\t\t\t\t<\/div>\n\t\t\t\t\t\t<\/div>\n\t\t\t\t\t\t\t\t\t<\/div>\n\t\t\t<\/div>\n\t\t<\/div>\n\t<\/div>\n<\/section>\n","protected":false},"excerpt":{"rendered":"","protected":false},"author":3,"featured_media":0,"parent":0,"menu_order":0,"comment_status":"closed","ping_status":"closed","template":"","meta":{"inline_featured_image":false,"footnotes":""},"class_list":["post-3074","page","type-page","status-publish","hentry"],"acf":[],"_links":{"self":[{"href":"https:\/\/beta82.masterpress.com\/pl\/wp-json\/wp\/v2\/pages\/3074","targetHints":{"allow":["GET"]}}],"collection":[{"href":"https:\/\/beta82.masterpress.com\/pl\/wp-json\/wp\/v2\/pages"}],"about":[{"href":"https:\/\/beta82.masterpress.com\/pl\/wp-json\/wp\/v2\/types\/page"}],"author":[{"embeddable":true,"href":"https:\/\/beta82.masterpress.com\/pl\/wp-json\/wp\/v2\/users\/3"}],"replies":[{"embeddable":true,"href":"https:\/\/beta82.masterpress.com\/pl\/wp-json\/wp\/v2\/comments?post=3074"}],"version-history":[{"count":5,"href":"https:\/\/beta82.masterpress.com\/pl\/wp-json\/wp\/v2\/pages\/3074\/revisions"}],"predecessor-version":[{"id":3079,"href":"https:\/\/beta82.masterpress.com\/pl\/wp-json\/wp\/v2\/pages\/3074\/revisions\/3079"}],"wp:attachment":[{"href":"https:\/\/beta82.masterpress.com\/pl\/wp-json\/wp\/v2\/media?parent=3074"}],"curies":[{"name":"wp","href":"https:\/\/api.w.org\/{rel}","templated":true}]}}