{"id":3214,"date":"2023-04-10T14:51:55","date_gmt":"2023-04-10T14:51:55","guid":{"rendered":"https:\/\/masterpress.com\/?page_id=3214"},"modified":"2023-04-10T14:53:13","modified_gmt":"2023-04-10T14:53:13","slug":"iml","status":"publish","type":"page","link":"https:\/\/beta82.masterpress.com\/pl\/nabial\/iml\/","title":{"rendered":"IML"},"content":{"rendered":"\n<section class=\"l-sec o-mobile-top-25 o-top-60 o-mobile-bottom-25 o-bottom-120 u-overflow-hidden\">\n\t<div class=\"l-inner\">\n\t\t<div class=\"c-hero-text-img\">\n\t\t\t<div class=\"c-hero-text-img__content\">\n\t\t\t\t\t\t\t\t\t<h1 class=\"c-hero-text-img__heading t-size-42 t-size-40--desktop ui-color--black-1 ui-font-weight--bold t-font-secondary t-lower\">\n\t\t\t\t\t\tIML dla produkt\u00f3w nabia\u0142owych\t\t\t\t\t<\/h1>\n\t\t\t\t\t\t\t\t\t\t\t\t\t<div class=\"c-hero-text-img__desc\">\n\t\t\t\t\t\t<div class=\"c-wysiwyg ui-color--dark-grey-1 t-size-14\">\n\t\t\t\t\t\t\t<p><span style=\"font-weight: 400;\">Je\u017celi poszukujesz dla swoich produkt\u00f3w rozwi\u0105zania opakowaniowego, kt\u00f3re jest trwa\u0142e, odporne na trudne warunki zewn\u0119trzne, przyjazne dla \u015brodowiska i jednocze\u015bnie \u015bwietnie wygl\u0105da, etykiety IML mog\u0105 by\u0107 w\u0142a\u015bciwym wyborem.\u00a0<\/span><\/p>\n<p><span style=\"font-weight: 400;\">IML to metoda, w kt\u00f3rej zadrukowana etykieta zostaje trwale zintegrowana z pod\u0142o\u017cem jeszcze w fazie wytwarzania pojemnika. Wszystko odbywa si\u0119 w ramach szybkiego, oszcz\u0119dzaj\u0105cego czas, jednoetapowego procesu.\u00a0<\/span><\/p>\n<p><b>Zalety etykiet IML:<\/b><\/p>\n<ul>\n<li style=\"font-weight: 400;\" aria-level=\"1\"><span style=\"font-weight: 400;\">S\u0105 trwa\u0142e, odporne na wilgo\u0107 i temperatur\u0119, zadrapania i \u015bcieranie<\/span><\/li>\n<li style=\"font-weight: 400;\" aria-level=\"1\"><span style=\"font-weight: 400;\">\u0141atwe do recyklingu \u2013 etykieta i pojemnik s\u0105 monomateria\u0142owe, za\u015b w produkcji nie u\u017cywa si\u0119 substancji klej\u0105cych, wi\u0119c pojemniki mog\u0105 by\u0107 po u\u017cyciu kierowane w ca\u0142o\u015bci do powt\u00f3rnego przetworzenia. Dodatkowo, na etykietach IML mo\u017cna umie\u015bci\u0107 cyfrowe znaki wodne dla zwi\u0119kszenia efektywno\u015bci recyklingu.\u00a0<\/span><\/li>\n<li style=\"font-weight: 400;\" aria-level=\"1\"><span style=\"font-weight: 400;\">Mo\u017cna stosowa\u0107 je na pojemnikach o dowolnym kszta\u0142cie.<\/span><\/li>\n<li style=\"font-weight: 400;\" aria-level=\"1\"><span style=\"font-weight: 400;\">Niekt\u00f3re aplikacje IML mog\u0105 obejmowa\u0107 niemal ca\u0142\u0105 powierzchni\u0119 pojemnika. Taka etykieta mo\u017ce by\u0107 w ca\u0142o\u015bci zadrukowana wielobarwn\u0105 grafik\u0105 o fotograficznej jako\u015bci i wysokiej rozdzielczo\u015bci z dodatkowymi zdobieniami, a tak\u017ce opcj\u0105 dodania zr\u00f3\u017cnicowanej faktury powierzchni (b\u0142yszcz\u0105ca, matowa, chropowata, \u201emi\u0119kka\u201d w dotyku), co przek\u0142ada si\u0119 na wyj\u0105tkowy efekt wizualny opakowania.\u00a0<\/span><\/li>\n<\/ul>\n<p>&nbsp;<\/p>\n<p><b>Dlaczego warto rozwa\u017cy\u0107 wykorzystanie technologii IML:<\/b><\/p>\n<ul>\n<li style=\"font-weight: 400;\" aria-level=\"1\"><span style=\"font-weight: 400;\">IML oszcz\u0119dza czas \u2013 wyeliminowany zosta\u0142 etap aplikacji etykiet, pozostaje tylko nape\u0142nienie i zamkni\u0119cie opakowania; technologia pozwala r\u00f3wnie\u017c na szybk\u0105 zmian\u0119 projektu graficznego etykiety<\/span><\/li>\n<li style=\"font-weight: 400;\" aria-level=\"1\"><span style=\"font-weight: 400;\">IML oszcz\u0119dza pieni\u0105dze \u2013 jednoetapowy proces produkcyjny eliminuje konieczno\u015b\u0107 magazynowania \u201esurowych\u201d opakowa\u0144 przez etapem aplikacji etykiet, co przyczynia si\u0119 do redukcji koszt\u00f3w zwi\u0105zanych z magazynowaniem i logistyk\u0105<\/span><\/li>\n<li style=\"font-weight: 400;\" aria-level=\"1\"><span style=\"font-weight: 400;\">IML zwi\u0119ksza warto\u015b\u0107 marki \u2013 produkty zyskuj\u0105 bardziej ekskluzywny wizerunek w por\u00f3wnaniu z sitodrukiem czy etykietami samoprzylepnymi<\/span><\/li>\n<li style=\"font-weight: 400;\" aria-level=\"1\"><span style=\"font-weight: 400;\">IML gwarantuje oryginalno\u015b\u0107 produktu. Konsument zyskuje pewno\u015b\u0107, \u017ce opakowanie zawiera oryginaln\u0105 zawarto\u015b\u0107. IML chroni Twoj\u0105 mark\u0119 przed podr\u00f3bkami.<\/span><\/li>\n<li style=\"font-weight: 400;\" aria-level=\"1\"><span style=\"font-weight: 400;\">IML jest form\u0105 d\u0142ugookresowej reklamy Twojej firmy i marki, poniewa\u017c pojemniki IML s\u0105 cz\u0119sto powt\u00f3rnie wykorzystywane przez konsument\u00f3w.\u00a0<\/span><\/li>\n<\/ul>\n\t\t\t\t\t\t<\/div>\n\t\t\t\t\t<\/div>\n\t\t\t\t\t\t\t<\/div>\n\t\t\t<div class=\"c-hero-text-img__media\">\n\t\t\t\t\t\t\t\t\t<figure class=\"c-hero-text-img__figure\">\n\t\t\t\t\t\t<img decoding=\"async\" class=\"c-hero-text-img__image\" src=\"https:\/\/beta82.masterpress.com:443\/wp-content\/uploads\/2023\/02\/iml-dairys.jpg\" alt=\"\">\n\t\t\t\t\t<\/figure>\n\t\t\t\t\t<span class=\"c-hero-text-img__media-decor\"><\/span>\n\t\t\t\t\t\t\t<\/div>\n\t\t<\/div>\n\t<\/div>\n<\/section>\n","protected":false},"excerpt":{"rendered":"","protected":false},"author":3,"featured_media":0,"parent":1699,"menu_order":0,"comment_status":"closed","ping_status":"closed","template":"","meta":{"inline_featured_image":false,"footnotes":""},"class_list":["post-3214","page","type-page","status-publish","hentry"],"acf":[],"_links":{"self":[{"href":"https:\/\/beta82.masterpress.com\/pl\/wp-json\/wp\/v2\/pages\/3214","targetHints":{"allow":["GET"]}}],"collection":[{"href":"https:\/\/beta82.masterpress.com\/pl\/wp-json\/wp\/v2\/pages"}],"about":[{"href":"https:\/\/beta82.masterpress.com\/pl\/wp-json\/wp\/v2\/types\/page"}],"author":[{"embeddable":true,"href":"https:\/\/beta82.masterpress.com\/pl\/wp-json\/wp\/v2\/users\/3"}],"replies":[{"embeddable":true,"href":"https:\/\/beta82.masterpress.com\/pl\/wp-json\/wp\/v2\/comments?post=3214"}],"version-history":[{"count":4,"href":"https:\/\/beta82.masterpress.com\/pl\/wp-json\/wp\/v2\/pages\/3214\/revisions"}],"predecessor-version":[{"id":3220,"href":"https:\/\/beta82.masterpress.com\/pl\/wp-json\/wp\/v2\/pages\/3214\/revisions\/3220"}],"up":[{"embeddable":true,"href":"https:\/\/beta82.masterpress.com\/pl\/wp-json\/wp\/v2\/pages\/1699"}],"wp:attachment":[{"href":"https:\/\/beta82.masterpress.com\/pl\/wp-json\/wp\/v2\/media?parent=3214"}],"curies":[{"name":"wp","href":"https:\/\/api.w.org\/{rel}","templated":true}]}}