{"id":3263,"date":"2023-04-10T17:38:42","date_gmt":"2023-04-10T17:38:42","guid":{"rendered":"https:\/\/masterpress.com\/?page_id=3263"},"modified":"2023-06-09T13:44:37","modified_gmt":"2023-06-09T13:44:37","slug":"stacje-robotyczne","status":"publish","type":"page","link":"https:\/\/beta82.masterpress.com\/pl\/maszyny\/stacje-robotyczne\/","title":{"rendered":"Stanowiska zrobotyzowane"},"content":{"rendered":"<section class=\"l-sec o-mobile-bottom-50 o-bottom-100\">\n\t<div class=\"l-inner\">\n\t\t<div class=\"c-about-us\">\n\t\t\t<header class=\"c-about-us__header\">\n\t\t\t\t\n\t\t\t\t\n\t\t\t\t\t\t\t<\/header>\n\n\t\t\t\t\t<\/div>\n\t<\/div>\n<\/section>\n\n\n\n<section class=\"l-sec o-mobile-bottom-50 o-bottom-230 l-image-text\">\n\t<div class=\"l-inner\">\n\t\t<article class=\"c-image-text\">\n\t\t\t\t\t\t\t<h3 class=\"c-image-text__heading t-size-30 t-size-40--desktop t-font-secondary t-lower\">\n\t\t\t\t\tProjektujemy i budujemy stanowiska zrobotyzowane\t\t\t\t<\/h3>\n\t\t\t\t\t\t\t\t\t\t<div class=\"c-image-text__media c-image-text__media--with-decor\">\n\t\t\t\t\t<figure class=\"c-image-text__figure\">\n\t\t\t\t\t\t<img decoding=\"async\" class=\"c-image-text__image\" src=\"https:\/\/beta82.masterpress.com:443\/wp-content\/uploads\/2022\/10\/Robot-min.jpg\" alt=\"\">\n\t\t\t\t\t<\/figure>\n\t\t\t\t<\/div>\n\t\t\t\t\t\t\t\t\t\t<div class=\"c-image-text__description ui-color--dark-grey-1 c-wysiwyg\">\n\t\t\t\t\t<p>Oferujemy:<\/p>\n<p>&#8211; stacje do paletyzacji, depaletyzacji, miksowania, proces\u00f3w pick and place<br \/>\n&#8211; projekt odpowiedniego chwytaka do produktu klienta<br \/>\n&#8211; po\u0142\u0105czenie stanowiska zrobotyzowanego z lini\u0105 klienta<br \/>\n&#8211; obs\u0142ug\u0119 system\u00f3w wizyjnych<br \/>\n&#8211; ocen\u0119 ryzyka stanowiska i zminimalizowanie potencjalnych Zagro\u017ce\u0144<\/p>\n<p>Projektujemy i budujemy stacje zrobotyzowane wykorzystuj\u0105c komponenty najwi\u0119kszych \u015bwiatowych dostawc\u00f3w: Fanuc, Keyence, Schunk, Piab, Troax, Siemens, \u00a0Pilz.<\/p>\n\t\t\t\t<\/div>\n\t\t\t\t\t<\/article>\n\t<\/div>\n<\/section>\n\n\n<section class=\"l-sec o-mobile-bottom-50 o-bottom-100\">\n\t<div class=\"l-inner\">\n\t\t<div class=\"c-about-us\">\n\t\t\t<header class=\"c-about-us__header\">\n\t\t\t\t\t\t\t\t\t<h2 class=\"c-about-us__heading t-size-30 t-size-35--desktop ui-color--black-1 ui-font-weight--semibold t-font-secondary t-lower\">\n\t\t\t\t\t\tobejrzyj wideo\t\t\t\t\t<\/h2>\n\t\t\t\t\n\t\t\t\t\t\t\t\t\t<div class=\"c-about-us__desc t-size-16 ui-color--dark-grey-1\">\n\t\t\t\t\t\t<p><iframe loading=\"lazy\" width=\"1200\" height=\"800\" src=\"https:\/\/www.youtube.com\/embed\/ldwY-QXDT6Y\" title=\"YouTube video player\" frameborder=\"0\" allow=\"accelerometer; autoplay; clipboard-write; encrypted-media; gyroscope; picture-in-picture; web-share\" allowfullscreen><\/iframe><\/p>\n\t\t\t\t\t<\/div>\n\t\t\t\t\n\t\t\t\t\t\t\t<\/header>\n\n\t\t\t\t\t<\/div>\n\t<\/div>\n<\/section>\n\n\n\n\n<section class=\"l-sec l-offer u-overflow-hidden o-mobile-bottom-25 o-mobile-top-50 o-top-100 o-bottom-140\">\n\t<div class=\"l-inner\">\n\t\t<div class=\"c-offer\">\n\t\t\t\n\t\t\t\t\t\t\t<div class=\"c-offer__content\">\n\t\t\t\t\t<ul class=\"c-offer-list\">\n\n\n\t\t\t\t\t\t\t\t\t\t\t\t\t<li class=\"c-offer-list__item\">\n\n\n\t\t\t\t\t\t\t\t<div class=\"c-offer-teaser\">\n\t\t\t\t\t\t\t\t\t<div class=\"c-offer-teaser__header\">\n\t\t\t\t\t\t\t\t\t\t\t\t\t\t\t\t\t\t\t\t\t<div class=\"c-offer-teaser__title\">\n\t\t\t\t\t\t\t\t\t\t\t\t<h3 class=\"t-size-24 t-size-35--desktop ui-font-weight--medium t-font-secondary\">\n\t\t\t\t\t\t\t\t\t\t\t\t\tSystem orientacji butelek\t\t\t\t\t\t\t\t\t\t\t\t<\/h3>\n\t\t\t\t\t\t\t\t\t\t\t<\/div>\n\t\t\t\t\t\t\t\t\t\t\n\t\t\t\t\t\t\t\t\t\t\t\t\t\t\t\t\t\t\t\t\t<div class=\"c-offer-teaser__desc t-size-14 t-size-16--desktop ui-color--dark-grey-1\">\n\t\t\t\t\t\t\t\t\t\t\t\t<p>&#8211; maksymalna wydajno\u015b\u0107 do 80 szt.\/min<br \/>\n&#8211; chwytak dostosowany do produktu klienta<br \/>\n&#8211; maksymalna waga produktu &#8211; 1 kg<br \/>\n&#8211; pe\u0142na integracja komunikacji z linia produkcyjn\u0105<br \/>\n&#8211; prosta i intuicyjna obs\u0142uga<\/p>\n\t\t\t\t\t\t\t\t\t\t\t<\/div>\n\t\t\t\t\t\t\t\t\t\t\t\t\t\t\t\t\t\t\t<\/div>\n\t\t\t\t\t\t\t\t\t\t\t\t\t\t\t\t\t\t\t<div class=\"c-offer-teaser__media\">\n\n\t\t\t\t\t\t\t\t\t\t\t<div class=\"c-aside-decor-box\">\n\t\t\t\t\t\t\t\t\t\t\t\t<figure class=\"c-aside-decor-box__figure\">\n\t\t\t\t\t\t\t\t\t\t\t\t\t<img decoding=\"async\" class=\"c-aside-decor-box__image\" src=\"https:\/\/beta82.masterpress.com:443\/wp-content\/uploads\/2023\/01\/Stacja-robotyczna.png\" alt=\"\">\n\t\t\t\t\t\t\t\t\t\t\t\t<\/figure>\n\t\t\t\t\t\t\t\t\t\t\t\t\n\t\t\t\t\t\t\t\t\t\t\t\t\t\t\t\t\t\t\t\t\t\t\t<\/div>\n\n\t\t\t\t\t\t\t\t\t\t<\/div>\n\n\t\t\t\t\t\t\t\t\t\n\t\t\t\t\t\t\t\t\t<div class=\"c-offer-teaser__footer\">\n\t\t\t\t\t\t\t\t\t\t\t\t\t\t\t\t\t\t\t\t\t\t\t\t\t\t\t\t\t<\/div>\n\n\t\t\t\t\t\t\t\t<\/div>\n\t\t\t\t\t\t\t<\/li>\n\t\t\t\t\t\t\t\t\t\t\t\t\t<li class=\"c-offer-list__item\">\n\n\n\t\t\t\t\t\t\t\t<div class=\"c-offer-teaser c-offer-teaser--alt\">\n\t\t\t\t\t\t\t\t\t<div class=\"c-offer-teaser__header\">\n\t\t\t\t\t\t\t\t\t\t\t\t\t\t\t\t\t\t\t\t\t<div class=\"c-offer-teaser__title\">\n\t\t\t\t\t\t\t\t\t\t\t\t<h3 class=\"t-size-24 t-size-35--desktop ui-font-weight--medium t-font-secondary\">\n\t\t\t\t\t\t\t\t\t\t\t\t\tStacja mieszania produkt\u00f3w\t\t\t\t\t\t\t\t\t\t\t\t<\/h3>\n\t\t\t\t\t\t\t\t\t\t\t<\/div>\n\t\t\t\t\t\t\t\t\t\t\n\t\t\t\t\t\t\t\t\t\t\t\t\t\t\t\t\t\t\t\t\t<div class=\"c-offer-teaser__desc t-size-14 t-size-16--desktop ui-color--dark-grey-1\">\n\t\t\t\t\t\t\t\t\t\t\t\t<p>&#8211; Mieszanie r\u00f3\u017cnych smak\u00f3w na tackach<br \/>\n&#8211; Mocowanie topper\u00f3w do pojemnik\u00f3w<br \/>\n&#8211; Optymalizacja przestrzeni produkcyjnej<br \/>\n&#8211; Szybko\u015b\u0107 i powtarzalno\u015b\u0107 dzia\u0142ania<br \/>\n&#8211; Mo\u017cliwo\u015b\u0107 szerokiego wyboru rozmiaru pojemnik\u00f3w<br \/>\n&#8211; Wysokie standardy technologiczne i higieniczne<\/p>\n\t\t\t\t\t\t\t\t\t\t\t<\/div>\n\t\t\t\t\t\t\t\t\t\t\t\t\t\t\t\t\t\t\t<\/div>\n\t\t\t\t\t\t\t\t\t\t\t\t\t\t\t\t\t\t\t<div class=\"c-offer-teaser__media c-offer-teaser__media--alt\">\n\n\t\t\t\t\t\t\t\t\t\t\t<div class=\"c-aside-decor-box\">\n\t\t\t\t\t\t\t\t\t\t\t\t<figure class=\"c-aside-decor-box__figure\">\n\t\t\t\t\t\t\t\t\t\t\t\t\t<img decoding=\"async\" class=\"c-aside-decor-box__image\" src=\"https:\/\/beta82.masterpress.com:443\/wp-content\/uploads\/2022\/10\/product-mixing-station.jpg\" alt=\"\">\n\t\t\t\t\t\t\t\t\t\t\t\t<\/figure>\n\t\t\t\t\t\t\t\t\t\t\t\t\n\t\t\t\t\t\t\t\t\t\t\t\t\t\t\t\t\t\t\t\t\t\t\t<\/div>\n\n\t\t\t\t\t\t\t\t\t\t<\/div>\n\n\t\t\t\t\t\t\t\t\t\n\t\t\t\t\t\t\t\t\t<div class=\"c-offer-teaser__footer\">\n\t\t\t\t\t\t\t\t\t\t\t\t\t\t\t\t\t\t\t\t\t\t\t\t\t\t\t\t\t<\/div>\n\n\t\t\t\t\t\t\t\t<\/div>\n\t\t\t\t\t\t\t<\/li>\n\t\t\t\t\t\t\t\t\t\t\t\t\t<li class=\"c-offer-list__item\">\n\n\n\t\t\t\t\t\t\t\t<div class=\"c-offer-teaser\">\n\t\t\t\t\t\t\t\t\t<div class=\"c-offer-teaser__header\">\n\t\t\t\t\t\t\t\t\t\t\t\t\t\t\t\t\t\t\t\t\t<div class=\"c-offer-teaser__title\">\n\t\t\t\t\t\t\t\t\t\t\t\t<h3 class=\"t-size-24 t-size-35--desktop ui-font-weight--medium t-font-secondary\">\n\t\t\t\t\t\t\t\t\t\t\t\t\tStacja paletyzacji pojemnik\u00f3w\t\t\t\t\t\t\t\t\t\t\t\t<\/h3>\n\t\t\t\t\t\t\t\t\t\t\t<\/div>\n\t\t\t\t\t\t\t\t\t\t\n\t\t\t\t\t\t\t\t\t\t\t\t\t\t\t\t\t\t\t\t\t<div class=\"c-offer-teaser__desc t-size-14 t-size-16--desktop ui-color--dark-grey-1\">\n\t\t\t\t\t\t\t\t\t\t\t\t<p>&#8211; precyzyjne wykonanie operacji<br \/>\n&#8211; r\u00f3\u017cnorodno\u015b\u0107 wzor\u00f3w na palecie<br \/>\n&#8211; optymalizacja przestrzeni produkcyjnej<br \/>\n-powtarzalno\u015b\u0107 i szybko\u015b\u0107 operacji<br \/>\n&#8211; zdolno\u015b\u0107 do pracy w szkodliwych warunkach<br \/>\n&#8211; wysokie standardy technologiczne i higieniczne<\/p>\n\t\t\t\t\t\t\t\t\t\t\t<\/div>\n\t\t\t\t\t\t\t\t\t\t\t\t\t\t\t\t\t\t\t<\/div>\n\t\t\t\t\t\t\t\t\t\t\t\t\t\t\t\t\t\t\t<div class=\"c-offer-teaser__media\">\n\n\t\t\t\t\t\t\t\t\t\t\t<div class=\"c-aside-decor-box\">\n\t\t\t\t\t\t\t\t\t\t\t\t<figure class=\"c-aside-decor-box__figure\">\n\t\t\t\t\t\t\t\t\t\t\t\t\t<img decoding=\"async\" class=\"c-aside-decor-box__image\" src=\"https:\/\/beta82.masterpress.com:443\/wp-content\/uploads\/2022\/10\/palletizing-station.jpg\" alt=\"\">\n\t\t\t\t\t\t\t\t\t\t\t\t<\/figure>\n\t\t\t\t\t\t\t\t\t\t\t\t\n\t\t\t\t\t\t\t\t\t\t\t\t\t\t\t\t\t\t\t\t\t\t\t<\/div>\n\n\t\t\t\t\t\t\t\t\t\t<\/div>\n\n\t\t\t\t\t\t\t\t\t\n\t\t\t\t\t\t\t\t\t<div class=\"c-offer-teaser__footer\">\n\t\t\t\t\t\t\t\t\t\t\t\t\t\t\t\t\t\t\t\t\t\t\t\t\t\t\t\t\t<\/div>\n\n\t\t\t\t\t\t\t\t<\/div>\n\t\t\t\t\t\t\t<\/li>\n\t\t\t\t\t\t\t\t\t\t\t<\/ul>\n\t\t\t\t<\/div>\n\n\t\t\t\t\t<\/div>\n\t<\/div>\n\n<\/section>\n","protected":false},"excerpt":{"rendered":"","protected":false},"author":3,"featured_media":0,"parent":1725,"menu_order":0,"comment_status":"closed","ping_status":"closed","template":"","meta":{"inline_featured_image":false,"footnotes":""},"class_list":["post-3263","page","type-page","status-publish","hentry"],"acf":[],"_links":{"self":[{"href":"https:\/\/beta82.masterpress.com\/pl\/wp-json\/wp\/v2\/pages\/3263","targetHints":{"allow":["GET"]}}],"collection":[{"href":"https:\/\/beta82.masterpress.com\/pl\/wp-json\/wp\/v2\/pages"}],"about":[{"href":"https:\/\/beta82.masterpress.com\/pl\/wp-json\/wp\/v2\/types\/page"}],"author":[{"embeddable":true,"href":"https:\/\/beta82.masterpress.com\/pl\/wp-json\/wp\/v2\/users\/3"}],"replies":[{"embeddable":true,"href":"https:\/\/beta82.masterpress.com\/pl\/wp-json\/wp\/v2\/comments?post=3263"}],"version-history":[{"count":6,"href":"https:\/\/beta82.masterpress.com\/pl\/wp-json\/wp\/v2\/pages\/3263\/revisions"}],"predecessor-version":[{"id":3996,"href":"https:\/\/beta82.masterpress.com\/pl\/wp-json\/wp\/v2\/pages\/3263\/revisions\/3996"}],"up":[{"embeddable":true,"href":"https:\/\/beta82.masterpress.com\/pl\/wp-json\/wp\/v2\/pages\/1725"}],"wp:attachment":[{"href":"https:\/\/beta82.masterpress.com\/pl\/wp-json\/wp\/v2\/media?parent=3263"}],"curies":[{"name":"wp","href":"https:\/\/api.w.org\/{rel}","templated":true}]}}