{"id":3511,"date":"2023-05-02T13:31:31","date_gmt":"2023-05-02T13:31:31","guid":{"rendered":"https:\/\/masterpress.com\/?page_id=3511"},"modified":"2023-06-02T10:36:00","modified_gmt":"2023-06-02T10:36:00","slug":"standardy-produkcji","status":"publish","type":"page","link":"https:\/\/beta82.masterpress.com\/pl\/about-us\/standardy-produkcji\/","title":{"rendered":"standardy produkcji"},"content":{"rendered":"\n<section class=\"l-sec o-mobile-top-25 o-mobile-bottom-100 o-bottom-160 u-overflow-hidden\">\n\t<div class=\"l-inner\">\n\t\t<div class=\"c-hero-card\">\n\t\t\t<div class=\"c-hero-card__content ui-bg--white-2 t-font-secondary\">\n\t\t\t\t\t\t\t\t\t<h1 class=\"c-hero-card__title ui-font-weight--semibold\">\n\t\t\t\t\t\tstandardy produkcji\t\t\t\t\t<\/h1>\n\t\t\t\t\t\t\t\t\t\t\t<\/div>\n\t\t\t<div class=\"c-hero-card__media u-move-outside-inner--mobile\">\n\t\t\t\t\t\t\t\t\t<figure class=\"c-hero-card__figure\">\n\t\t\t\t\t\t<img decoding=\"async\" class=\"c-hero-card__image\" src=\"https:\/\/beta82.masterpress.com:443\/wp-content\/uploads\/2023\/04\/19197-image-1370559710.jpg\" alt=\"\">\n\t\t\t\t\t<\/figure>\n\t\t\t\t\t\t\t<\/div>\n\t\t<\/div>\n\t<\/div>\n<\/section>\n\n\n\n<section class=\"l-sec o-mobile-bottom-35 o-bottom-120 u-overflow-hidden\">\n\t<div class=\"l-inner\">\n\t\t<div class=\"c-our-values\">\n\t\t\t<header class=\"c-our-values__header\">\n\t\t\t\t\t\t\t\t\t<h2 class=\"c-our-values__heading t-size-30 t-size-35--desktop ui-color--black-1 ui-font-weight--semibold t-font-secondary t-lower\">\n\t\t\t\t\t\tbezpiecze\u0144stwo produkt\u00f3w spo\u017cywczych\t\t\t\t\t<\/h2>\n\t\t\t\t\t\t\t\t\t\t\t\t\t<div class=\"c-our-values__desc t-size-16 ui-color--dark-grey-1\">\n\t\t\t\t\t\t<p>Jako odpowiedzialna i sumienna firma, jeste\u015bmy bardzo dumni z przestrzegania \u015bcis\u0142ych standard\u00f3w produkcji, aby zapewni\u0107 bezpiecze\u0144stwo i jako\u015b\u0107 naszych produkt\u00f3w. Nasze zaanga\u017cowanie w d\u0105\u017cenie do doskona\u0142o\u015bci znajduje odzwierciedlenie w przestrzeganiu uznanych na ca\u0142ym \u015bwiecie standard\u00f3w, w tym certyfikatu ISO 22000 FSSC i FSC<sup>\u00ae<\/sup>.<br \/>\n<\/br><br \/>\nCertyfikat FSC<sup>\u00ae<\/sup> to rygorystyczny standard zr\u00f3wnowa\u017conego rozwoju, kt\u00f3ry skupia si\u0119 na odpowiedzialnych praktykach zarz\u0105dzania lasami. Certyfikat ten gwarantuje, \u017ce drewno wykorzystywane w naszych produktach pochodzi z dobrze zarz\u0105dzanych las\u00f3w, kt\u00f3re spe\u0142niaj\u0105 surowe normy \u015brodowiskowe, spo\u0142eczne i ekonomiczne.<br \/>\n<\/br><br \/>\nZ kolei ISO 22000 FSSC to kompleksowy system zarz\u0105dzania bezpiecze\u0144stwem \u017cywno\u015bci, kt\u00f3ry skupia si\u0119 na identyfikacji i kontroli potencjalnych zagro\u017ce\u0144 w procesie produkcji \u017cywno\u015bci. Certyfikat ten wymaga od nas wdro\u017cenia rygorystycznych protoko\u0142\u00f3w dotycz\u0105cych higieny, warunk\u00f3w sanitarnych i kontroli jako\u015bci w celu zapewnienia, \u017ce nasze produkty s\u0105 bezpieczne dla opakowa\u0144 maj\u0105cych kontakt z \u017cywno\u015bci\u0105.<br \/>\n<\/br><br \/>\nWdra\u017caj\u0105c te standardy produkcyjne, demonstrujemy nasze zaanga\u017cowanie w dostarczanie bezpiecznych produkt\u00f3w wysokiej jako\u015bci, b\u0119d\u0105c jednocze\u015bnie odpowiedzialnymi zarz\u0105dcami \u015brodowiska. Traktujemy nasz\u0105 odpowiedzialno\u015b\u0107 powa\u017cnie i b\u0119dziemy nadal utrzymywa\u0107 te standardy, aby zapewni\u0107 satysfakcj\u0119 i zaufanie naszych klient\u00f3w.<\/p>\n\t\t\t\t\t<\/div>\n\t\t\t\t\t\t\t<\/header>\n\n\t\t\t\t\t<\/div>\n\t<\/div>\n<\/section>\n\n\n\n<section class=\"l-sec o-mobile-bottom-60 o-bottom-160 o-mobile-top-80\">\n\t<div class=\"l-inner\">\n\t\t<div class=\"c-solutions\">\n\t\t\t\t\t\t<div class=\"c-solutions__content\">\n\t\t\t\t\t\t\t\t\t<ul class=\"c-solutions-list c-list\">\n\t\t\t\t\t\t\t\t\t\t\t\t\t<li class=\"c-solutions-list__item\">\n\t\t\t\t\t\t\t\t<div class=\"c-solution-box\">\n\t\t\t\t\t\t\t\t\t\t\t\t\t\t\t\t\t<div class=\"c-solution-box__media\">\n\t\t\t\t\t\t\t\t\t\t<figure class=\"c-solution-box__figure\">\n\t\t\t\t\t\t\t\t\t\t\t<img decoding=\"async\" class=\"c-solution-box__image\" src=\"https:\/\/beta82.masterpress.com:443\/wp-content\/uploads\/2023\/04\/Masterpress_21_SA_FSSC_Certificate_page-0002-353x500.jpg\" alt=\"\">\n\t\t\t\t\t\t\t\t\t\t<\/figure>\n\t\t\t\t\t\t\t\t\t<\/div>\n\t\t\t\t\t\t\t\t\t\t\t\t\t\t\t\t\t\t\t\t\t\t\t\t\t<div class=\"c-solution-box__title\">\n\t\t\t\t\t\t\t\t\t\t<a class=\"c-solution-box__link c-link c-link--icon c-link--icon-animate\" href=\"https:\/\/beta82.masterpress.com:443\/wp-content\/uploads\/2023\/04\/Masterpress_21_SA_FSSC_Certificate_page-0001-scaled.jpg\" target=\"\">\n\t\t\t\t\t\t\t\t\t\t\t\t\t\t\t\t\t\t\t\t\t\t<img decoding=\"async\" class=\"c-link__icon js-injected-svg \" src=\"https:\/\/beta82.masterpress.com:443\/wp-content\/themes\/masterpress\/front\/static\/img\/icon-arrow-right.svg\" alt=\"\">\n\t\t\t\t\t\t\t\t\t\t<\/a>\n\t\t\t\t\t\t\t\t\t<\/div>\n\t\t\t\t\t\t\t\t\t\t\t\t\t\t\t\t<\/div>\n\t\t\t\t\t\t\t<\/li>\n\t\t\t\t\t\t\t\t\t\t\t\t\t<li class=\"c-solutions-list__item\">\n\t\t\t\t\t\t\t\t<div class=\"c-solution-box\">\n\t\t\t\t\t\t\t\t\t\t\t\t\t\t\t\t\t<div class=\"c-solution-box__media\">\n\t\t\t\t\t\t\t\t\t\t<figure class=\"c-solution-box__figure\">\n\t\t\t\t\t\t\t\t\t\t\t<img decoding=\"async\" class=\"c-solution-box__image\" src=\"https:\/\/beta82.masterpress.com:443\/wp-content\/uploads\/2023\/04\/Masterpress-c20151902-PL_Issue4_page-0001-354x500.jpg\" alt=\"\">\n\t\t\t\t\t\t\t\t\t\t<\/figure>\n\t\t\t\t\t\t\t\t\t<\/div>\n\t\t\t\t\t\t\t\t\t\t\t\t\t\t\t\t\t\t\t\t\t\t\t\t\t<div class=\"c-solution-box__title\">\n\t\t\t\t\t\t\t\t\t\t<a class=\"c-solution-box__link c-link c-link--icon c-link--icon-animate\" href=\"https:\/\/beta82.masterpress.com:443\/wp-content\/uploads\/2023\/04\/Masterpress-c20151902-PL_Issue4_page-0001-scaled.jpg\" target=\"\">\n\t\t\t\t\t\t\t\t\t\t\t\t\t\t\t\t\t\t\t\t\t\t<img decoding=\"async\" class=\"c-link__icon js-injected-svg \" src=\"https:\/\/beta82.masterpress.com:443\/wp-content\/themes\/masterpress\/front\/static\/img\/icon-arrow-right.svg\" alt=\"\">\n\t\t\t\t\t\t\t\t\t\t<\/a>\n\t\t\t\t\t\t\t\t\t<\/div>\n\t\t\t\t\t\t\t\t\t\t\t\t\t\t\t\t<\/div>\n\t\t\t\t\t\t\t<\/li>\n\t\t\t\t\t\t\t\t\t\t\t<\/ul>\n\t\t\t\t\t\t\t<\/div>\n\t\t<\/div>\n\t<\/div>\n<\/section>\n","protected":false},"excerpt":{"rendered":"","protected":false},"author":3,"featured_media":0,"parent":357,"menu_order":0,"comment_status":"closed","ping_status":"closed","template":"","meta":{"inline_featured_image":false,"footnotes":""},"class_list":["post-3511","page","type-page","status-publish","hentry"],"acf":[],"_links":{"self":[{"href":"https:\/\/beta82.masterpress.com\/pl\/wp-json\/wp\/v2\/pages\/3511","targetHints":{"allow":["GET"]}}],"collection":[{"href":"https:\/\/beta82.masterpress.com\/pl\/wp-json\/wp\/v2\/pages"}],"about":[{"href":"https:\/\/beta82.masterpress.com\/pl\/wp-json\/wp\/v2\/types\/page"}],"author":[{"embeddable":true,"href":"https:\/\/beta82.masterpress.com\/pl\/wp-json\/wp\/v2\/users\/3"}],"replies":[{"embeddable":true,"href":"https:\/\/beta82.masterpress.com\/pl\/wp-json\/wp\/v2\/comments?post=3511"}],"version-history":[{"count":8,"href":"https:\/\/beta82.masterpress.com\/pl\/wp-json\/wp\/v2\/pages\/3511\/revisions"}],"predecessor-version":[{"id":3887,"href":"https:\/\/beta82.masterpress.com\/pl\/wp-json\/wp\/v2\/pages\/3511\/revisions\/3887"}],"up":[{"embeddable":true,"href":"https:\/\/beta82.masterpress.com\/pl\/wp-json\/wp\/v2\/pages\/357"}],"wp:attachment":[{"href":"https:\/\/beta82.masterpress.com\/pl\/wp-json\/wp\/v2\/media?parent=3511"}],"curies":[{"name":"wp","href":"https:\/\/api.w.org\/{rel}","templated":true}]}}